{"id":246,"date":"2023-09-18T16:00:52","date_gmt":"2023-09-18T14:00:52","guid":{"rendered":"https:\/\/lesyndicats.com\/?page_id=246"},"modified":"2023-12-06T00:36:19","modified_gmt":"2023-12-05T23:36:19","slug":"mentions-legales","status":"publish","type":"page","link":"https:\/\/lthconsulting-ci.com\/en\/mentions-legales\/","title":{"rendered":"mentions l\u00e9gales"},"content":{"rendered":"<div data-elementor-type=\"wp-page\" data-elementor-id=\"246\" class=\"elementor elementor-246\" data-elementor-post-type=\"page\">\n\t\t\t\t<div class=\"elementor-element elementor-element-6ac8c48 e-flex e-con-boxed e-con e-parent\" data-id=\"6ac8c48\" data-element_type=\"container\" data-settings=\"{&quot;background_background&quot;:&quot;classic&quot;}\">\n\t\t\t\t\t<div class=\"e-con-inner\">\n\t\t\t\t<div class=\"elementor-element elementor-element-ba9e8c2 elementor-icon-list--layout-inline elementor-list-item-link-full_width elementor-widget elementor-widget-icon-list\" data-id=\"ba9e8c2\" data-element_type=\"widget\" data-widget_type=\"icon-list.default\">\n\t\t\t\t<div class=\"elementor-widget-container\">\n\t\t\t\t\t\t\t<ul class=\"elementor-icon-list-items elementor-inline-items\">\n\t\t\t\t\t\t\t<li class=\"elementor-icon-list-item elementor-inline-item\">\n\t\t\t\t\t\t\t\t\t\t\t<span class=\"elementor-icon-list-icon\">\n\t\t\t\t\t\t\t<i aria-hidden=\"true\" class=\"fas fa-shield-alt\"><\/i>\t\t\t\t\t\t<\/span>\n\t\t\t\t\t\t\t\t\t\t<span class=\"elementor-icon-list-text\">LTH Consulting<\/span>\n\t\t\t\t\t\t\t\t\t<\/li>\n\t\t\t\t\t\t\t\t<li class=\"elementor-icon-list-item elementor-inline-item\">\n\t\t\t\t\t\t\t\t\t\t\t<span class=\"elementor-icon-list-icon\">\n\t\t\t\t\t\t\t<i aria-hidden=\"true\" class=\"fas fa-long-arrow-alt-right\"><\/i>\t\t\t\t\t\t<\/span>\n\t\t\t\t\t\t\t\t\t\t<span class=\"elementor-icon-list-text\"><\/span>\n\t\t\t\t\t\t\t\t\t<\/li>\n\t\t\t\t\t\t<\/ul>\n\t\t\t\t\t\t<\/div>\n\t\t\t\t<\/div>\n\t\t\t\t\t<\/div>\n\t\t\t\t<\/div>\n\t\t<div class=\"elementor-element elementor-element-7ab925d e-flex e-con-boxed e-con e-parent\" data-id=\"7ab925d\" data-element_type=\"container\">\n\t\t\t\t\t<div class=\"e-con-inner\">\n\t\t\t\t<div class=\"elementor-element elementor-element-b26e114 elementor-widget elementor-widget-text-editor\" data-id=\"b26e114\" data-element_type=\"widget\" data-widget_type=\"text-editor.default\">\n\t\t\t\t<div class=\"elementor-widget-container\">\n\t\t\t\t\t\t\t\t\t<p><strong>INTRODUCTION<\/strong><\/p><p>La soci\u00e9t\u00e9 LTH Consulting est une Soci\u00e9t\u00e9 \u00e0 Responsabilit\u00e9 Limit\u00e9e (SARL) au capital de 1 000.000 frs CFA, immatricul\u00e9e au Registre du Commerce et des<\/p><p>Soci\u00e9t\u00e9s d\u2019Abidjan \u2013 C\u00f4te d\u2019Ivoire sous le RCCM n\u00b0CI-GRDBSM-2021-B-2483, dont le si\u00e8ge social est situ\u00e9 au :<\/p><p>10 BP 1822 Abidjan 10, Koumassi Boulevard\u00a0 , du 7 D\u00e9cembre R\u00e9sidence Flamengo,\u00a0Appartement 305B\u00a0<\/p><p>La derni\u00e8re mise \u00e0 jour de cette Politique de confidentialit\u00e9 a \u00e9t\u00e9 effectu\u00e9e en SEPTEMBRE 2023.<\/p><p>LTH Consulting comprend l\u2019importance de votre vie priv\u00e9e et met tout en \u0153uvre pour prot\u00e9ger votre vie priv\u00e9e et la confidentialit\u00e9 des informations \u00e0 caract\u00e8re personnel que vous serez amen\u00e9 \u00e0 lui communiquer notamment en acc\u00e9dant au site <a href=\"https:\/\/lthconsulting-ci.com\/en\/\">https:\/\/lthconsulting-ci.com\/<\/a>. Les informations que vous transmettrez \u00e0 LTH Consulting en r\u00e9ponse \u00e0 une demande d\u2019informations par courrier \u00e9lectronique seront trait\u00e9es conform\u00e9ment \u00e0 la pr\u00e9sente.<\/p><p>LTH Consulting peut modifier sa Charte de confidentialit\u00e9.\u00a0<\/p><p>En naviguant sur notre site Internet et en donnant votre consentement expr\u00e8s lorsque cela vous est demand\u00e9, vous acceptez les conditions de la pr\u00e9sente Charte de confidentialit\u00e9.<\/p><p><strong>&gt; Quel type d\u2019informations recueillons-nous ?<\/strong><\/p><p>LTH Consulting collecte des informations aupr\u00e8s de vous lorsque vous demandez \u00e0 nous contacter et que vous remplissez le formulaire de contact. Si vous ne fournissez pas ces informations, vous ne pourrez pas \u00eatre en contact avec LTH Consulting.<\/p><p>Les donn\u00e9es \u00e0 caract\u00e8re personnel que nous recueillons incluent notamment : nom, adresse email et description de votre message.<\/p><p><strong>&gt; Comment utilisons-nous les donn\u00e9es \u00e0 caract\u00e8re personnel ?<\/strong><\/p><p>Notre objectif et l\u2019utilisation que nous ferons de vos donn\u00e9es \u00e0 caract\u00e8re personnel d\u00e9pendront de votre demande de contact.\u00a0<\/p><p>\u2013 \u00e9changes r\u00e9alis\u00e9s via le formulaire de contact<\/p><p>\u2013 donn\u00e9es relatives \u00e0 la navigation : lorsque vous visitez notre site internet de LTH Consulting, l\u2019\u00e9diteur du site collecte des informations de navigation telles que la date, l\u2019heure de la connexion et\/ou navigation, le type de navigateur, la langue du navigateur, son adresse IP, donn\u00e9es de localisation et g\u00e9olocalisation.<\/p><p>Nous ne vendrons, ne partagerons, ne louerons ou ne mettrons \u00e0 disposition aucune de vos donn\u00e9es \u00e0 caract\u00e8re personnel \u00e0 des tiers, sauf \u00e0 ceux qui fournissent des services pour notre compte et qui ont besoin d\u2019acc\u00e9der aux informations en relation avec ces services. Ces tiers ne traiteront ces informations que dans le cadre et les limites allou\u00e9s \u00e0 LTH Consulting lui-m\u00eame pour le traitement desdites donn\u00e9es. En outre, LTH Consulting pourra divulguer vos coordonn\u00e9es en r\u00e9ponse aux demandes de d\u00e9tenteurs de bonne-foi de droits de propri\u00e9t\u00e9 intellectuelle en cas d\u2019all\u00e9gations de contrefa\u00e7on, ou de violation de tout droit de propri\u00e9t\u00e9 intellectuelle d\u00e9coulant des informations que vous avez publi\u00e9es sur le Site ou que vous avez fournies de toute autre mani\u00e8re \u00e0 LTH Consulting.<\/p><p><strong>&gt; Vos donn\u00e9es personnelles<\/strong><\/p><p>LTH Consulting conserve vos donn\u00e9es \u00e0 caract\u00e8re personnel aussi longtemps que n\u00e9cessaire eu \u00e9gard \u00e0 l\u2019objectif pour lequel elles ont \u00e9t\u00e9 collect\u00e9es.<\/p><p><strong>&gt; Gestion des cookies<\/strong><\/p><p>LTH Consulting peut utiliser des cookies sur ce site et dans ses communications afin de garder une trace de votre visite sur le site et des communications \u00e9chang\u00e9es avec vous pour am\u00e9liorer votre exp\u00e9rience sur le site et pour vous permettre d\u2019utiliser notre site. Les cookies de session sont automatiquement supprim\u00e9s \u00e0 la fin de votre visite.<\/p><p>Ces cookies sont utilis\u00e9s par LTH Consulting ou par des prestataires tiers pour analyser la mani\u00e8re dont le site et nos services sont utilis\u00e9s.<\/p><p>En continuant \u00e0 naviguer ou utiliser nos Sites et nos services, vous acceptez que nous puissions stocker et acc\u00e9der \u00e0 des cookies et autres technologies de suivi.<\/p><p><strong>&gt; Liens vers d\u2019autres sites internet\u00a0<\/strong><\/p><p>Ce site Internet peut \u00eatre amen\u00e9 \u00e0 comporter des liens vers d\u2019autres sites non g\u00e9r\u00e9s par LTH Consulting.<\/p><p>LTH Consulting n\u2019est pas responsable des pratiques de confidentialit\u00e9 ou du contenu des sites Internet autres que celui de LTH Consulting dont les liens apparaissent sur le pr\u00e9sent Site. Nous ne sommes pas responsables de la protection et de la confidentialit\u00e9 des informations que vous fournissez lorsque vous visitez d\u2019autres sites Internet ou des sites non r\u00e9gis par notre Charte de confidentialit\u00e9.<\/p><p><strong>&gt; Droits d\u2019acc\u00e8s<\/strong><\/p><p>Conform\u00e9ment aux lois applicables en mati\u00e8re de protection des donn\u00e9es, incluant mais sans s\u2019y limiter le RGPD, vous avez le droit de demander une copie des donn\u00e9es \u00e0 caract\u00e8re personnel que nous d\u00e9tenons vous concernant, ainsi que les d\u00e9tails relatifs \u00e0 la mani\u00e8re dont nous utilisons ces informations. Vous avez le droit de vous opposer \u00e0 la collecte et au traitement de vos donn\u00e9es personnelles et nous demander de rectifier et d\u2019effacer vos donn\u00e9es \u00e0 caract\u00e8re personnel.<\/p><p>Vous pouvez envoyer un e-mail \u00e0 l\u2019adresse suivante :\u00a0<a href=\"mailto:admin@lthconsulting-ci.com\">admin@lthconsulting-ci.com<\/a><\/p><p><strong>&gt; Pour nous contacter<\/strong><\/p><p>Pour plus d\u2019informations, n\u2019h\u00e9sitez pas \u00e0 contacter par mail \u00e0 <a href=\"mailto:admin@lhtconsulting-ci.com\">admin@lhtconsulting-ci.com<\/a><\/p>\t\t\t\t\t\t\t\t<\/div>\n\t\t\t\t<\/div>\n\t\t\t\t\t<\/div>\n\t\t\t\t<\/div>\n\t\t\t\t<\/div>","protected":false},"excerpt":{"rendered":"<p>INTRODUCTION La soci\u00e9t\u00e9 LTH Consulting est une Soci\u00e9t\u00e9 \u00e0 Responsabilit\u00e9 Limit\u00e9e (SARL) au capital de 1 000.000 frs CFA, immatricul\u00e9e au Registre du Commerce et des Soci\u00e9t\u00e9s d\u2019Abidjan \u2013 C\u00f4te d\u2019Ivoire sous le RCCM n\u00b0CI-GRDBSM-2021-B-2483, dont le si\u00e8ge social est situ\u00e9 au : 10 BP 1822 Abidjan 10, Koumassi Boulevard\u00a0 , du 7 D\u00e9cembre R\u00e9sidence [&hellip;]<\/p>","protected":false},"author":1,"featured_media":0,"parent":0,"menu_order":0,"comment_status":"closed","ping_status":"closed","template":"elementor_header_footer","meta":{"footnotes":""},"class_list":["post-246","page","type-page","status-publish","hentry"],"_links":{"self":[{"href":"https:\/\/lthconsulting-ci.com\/en\/wp-json\/wp\/v2\/pages\/246","targetHints":{"allow":["GET"]}}],"collection":[{"href":"https:\/\/lthconsulting-ci.com\/en\/wp-json\/wp\/v2\/pages"}],"about":[{"href":"https:\/\/lthconsulting-ci.com\/en\/wp-json\/wp\/v2\/types\/page"}],"author":[{"embeddable":true,"href":"https:\/\/lthconsulting-ci.com\/en\/wp-json\/wp\/v2\/users\/1"}],"replies":[{"embeddable":true,"href":"https:\/\/lthconsulting-ci.com\/en\/wp-json\/wp\/v2\/comments?post=246"}],"version-history":[{"count":13,"href":"https:\/\/lthconsulting-ci.com\/en\/wp-json\/wp\/v2\/pages\/246\/revisions"}],"predecessor-version":[{"id":654,"href":"https:\/\/lthconsulting-ci.com\/en\/wp-json\/wp\/v2\/pages\/246\/revisions\/654"}],"wp:attachment":[{"href":"https:\/\/lthconsulting-ci.com\/en\/wp-json\/wp\/v2\/media?parent=246"}],"curies":[{"name":"wp","href":"https:\/\/api.w.org\/{rel}","templated":true}]}}