{"id":247,"date":"2023-09-18T16:01:34","date_gmt":"2023-09-18T14:01:34","guid":{"rendered":"https:\/\/lesyndicats.com\/?page_id=247"},"modified":"2023-12-06T01:04:03","modified_gmt":"2023-12-06T00:04:03","slug":"politique-de-confidentialite-2","status":"publish","type":"page","link":"https:\/\/lthconsulting-ci.com\/en\/politique-de-confidentialite-2\/","title":{"rendered":"politique de confidentialit\u00e9"},"content":{"rendered":"<div data-elementor-type=\"wp-page\" data-elementor-id=\"247\" class=\"elementor elementor-247\" data-elementor-post-type=\"page\">\n\t\t\t\t<div class=\"elementor-element elementor-element-96bc979 e-flex e-con-boxed e-con e-parent\" data-id=\"96bc979\" data-element_type=\"container\" data-settings=\"{&quot;background_background&quot;:&quot;classic&quot;}\">\n\t\t\t\t\t<div class=\"e-con-inner\">\n\t\t\t\t<div class=\"elementor-element elementor-element-e7ef777 elementor-icon-list--layout-inline elementor-list-item-link-full_width elementor-widget elementor-widget-icon-list\" data-id=\"e7ef777\" data-element_type=\"widget\" data-widget_type=\"icon-list.default\">\n\t\t\t\t<div class=\"elementor-widget-container\">\n\t\t\t\t\t\t\t<ul class=\"elementor-icon-list-items elementor-inline-items\">\n\t\t\t\t\t\t\t<li class=\"elementor-icon-list-item elementor-inline-item\">\n\t\t\t\t\t\t\t\t\t\t\t<span class=\"elementor-icon-list-icon\">\n\t\t\t\t\t\t\t<i aria-hidden=\"true\" class=\"fas fa-shield-alt\"><\/i>\t\t\t\t\t\t<\/span>\n\t\t\t\t\t\t\t\t\t\t<span class=\"elementor-icon-list-text\">LTH Consulting<\/span>\n\t\t\t\t\t\t\t\t\t<\/li>\n\t\t\t\t\t\t\t\t<li class=\"elementor-icon-list-item elementor-inline-item\">\n\t\t\t\t\t\t\t\t\t\t\t<span class=\"elementor-icon-list-icon\">\n\t\t\t\t\t\t\t<i aria-hidden=\"true\" class=\"fas fa-long-arrow-alt-right\"><\/i>\t\t\t\t\t\t<\/span>\n\t\t\t\t\t\t\t\t\t\t<span class=\"elementor-icon-list-text\"><\/span>\n\t\t\t\t\t\t\t\t\t<\/li>\n\t\t\t\t\t\t<\/ul>\n\t\t\t\t\t\t<\/div>\n\t\t\t\t<\/div>\n\t\t\t\t\t<\/div>\n\t\t\t\t<\/div>\n\t\t<div class=\"elementor-element elementor-element-b88f8a6 e-flex e-con-boxed e-con e-parent\" data-id=\"b88f8a6\" data-element_type=\"container\">\n\t\t\t\t\t<div class=\"e-con-inner\">\n\t\t\t\t<div class=\"elementor-element elementor-element-bccaee7 elementor-widget elementor-widget-text-editor\" data-id=\"bccaee7\" data-element_type=\"widget\" data-widget_type=\"text-editor.default\">\n\t\t\t\t<div class=\"elementor-widget-container\">\n\t\t\t\t\t\t\t\t\t<p>Le site \u00ab www.lthconsulting-ci.com \u00bb (ci-apr\u00e8s le \u00ab site \u00bb) est la propri\u00e9t\u00e9 et a \u00e9t\u00e9 \u00e9dit\u00e9 par la soci\u00e9t\u00e9 LTH Consulting (ci-apr\u00e8s<\/p><p>\u00abLTH Consulting\u00bb), Soci\u00e9t\u00e9 \u00e0 Responsabilit\u00e9 Limit\u00e9e (SARL) au capital de 1 000.000 frs CFA, immatricul\u00e9e au Registre du Commerce et des<\/p><p>Soci\u00e9t\u00e9s d\u2019Abidjan \u2013 C\u00f4te d\u2019Ivoire sous le RCCM n\u00b0CI-GRDBSM-2021-B-2483, dont le si\u00e8ge social est situ\u00e9 au :<\/p><p>10 BP 1822 Abidjan 10, Koumassi Boulevard du 7 D\u00e9cembre R\u00e9sidence Flamengo, Appartement 305B\u00a0<\/p><p>Le site est h\u00e9berg\u00e9 par OVH S.A.S<\/p><p>T\u00e9l : +33 09 72 10 10 07<\/p><p>Site web : https:\/\/www.ovh.com\/<\/p><p><strong>CONDITIONS G\u00c9N\u00c9RALES D\u2019UTILISATION :\u00a0<\/strong><\/p><p>L\u2019acc\u00e8s au site ainsi que l\u2019utilisation de son contenu sont soumis aux conditions d\u2019utilisation d\u00e9crites ci-apr\u00e8s. Le fait d\u2019acc\u00e9der et de naviguer sur le site constitue de la part du visiteur une acceptation sans r\u00e9serve des stipulations suivantes :<\/p><p>Le site est la propri\u00e9t\u00e9 exclusive de la soci\u00e9t\u00e9 LTH Consulting, seule habilit\u00e9e \u00e0 utiliser et exploiter les droits de propri\u00e9t\u00e9 intellectuelle et droits de la personnalit\u00e9 attach\u00e9s \u00e0 ce site, notamment les marques, dessins et mod\u00e8les droits d\u2019auteur et droit \u00e0 l\u2019image, \u00e0 titre originaire ou par l\u2019effet d\u2019une autorisation expresse, brevet et tout droit de propri\u00e9t\u00e9 intellectuelle.<\/p><p>L\u2019usage de tout ou partie du site, notamment par t\u00e9l\u00e9chargement, reproduction, transmission ou repr\u00e9sentation \u00e0 d\u2019autres fins que pour usage personnel et priv\u00e9 dans un but non commercial est strictement interdit. Sous r\u00e9serve des conditions ci-dessous, LTH Consulting prend des mesures pour s\u2019assurer que les informations accessibles via le site sont exactes et \u00e0 jour, mais ne peut donner aucune garantie quant \u00e0 l\u2019exactitude, l\u2019actualit\u00e9 ou l\u2019exhaustivit\u00e9 de toute information ou mat\u00e9riel apparaissant sur le site. LTH Consulting se r\u00e9serve le droit de corriger le contenu du Site \u00e0 tout moment sans pr\u00e9avis et sans responsabilit\u00e9.<\/p><p>Dans les conditions pr\u00e9vues par la loi, LTH Consulting n\u2019encourt aucune responsabilit\u00e9 : Pour toute impr\u00e9cision, inexactitude, omission ou pour tous dommages r\u00e9sultant d\u2019une intrusion d\u2019un tiers ayant entra\u00een\u00e9 une modification des informations mises \u00e0 disposition sur le site. En cas de dommages provoqu\u00e9s \u00e0 raison de l\u2019acc\u00e8s d\u2019un tiers non autoris\u00e9 sur le Site ou rendant impossible son acc\u00e8s.<\/p><p>Le visiteur est inform\u00e9 que l\u2019acc\u00e8s au Site pourra \u00eatre interrompu \u00e0 tout moment par LTH Consulting pour des raisons de maintenance, s\u00e9curit\u00e9 ou toute autre contrainte technique. La cr\u00e9ation des liens hypertextes vers le site ne peut \u00eatre faite qu\u2019avec l\u2019autorisation \u00e9crite et pr\u00e9alable de LTH Consulting qui pourra \u00eatre r\u00e9voqu\u00e9e \u00e0 tout moment. LTH Consulting d\u00e9cline toute responsabilit\u00e9 concernant le contenu des sites li\u00e9s au site.<\/p><p>LTH Consulting informe les visiteurs du site que les pr\u00e9sentes conditions peuvent \u00eatre modifi\u00e9es \u00e0 tout moment. Ces modifications entrent en vigueur d\u00e8s leur mise en ligne et sont r\u00e9put\u00e9es accept\u00e9es sans r\u00e9serve par tout visiteur qui acc\u00e8de au site post\u00e9rieurement \u00e0 leur mise en ligne. Il appartient donc \u00e0 tout visiteur avant de naviguer sur le site, de lire attentivement ces conditions.<\/p><p>Les pr\u00e9sentes conditions sont r\u00e9gies par le droit fran\u00e7ais. Les juridictions fran\u00e7aises sont territorialement comp\u00e9tentes pour conna\u00eetre de tout litige aff\u00e9rent \u00e0 l\u2019utilisation du site.<\/p>\t\t\t\t\t\t\t\t<\/div>\n\t\t\t\t<\/div>\n\t\t\t\t\t<\/div>\n\t\t\t\t<\/div>\n\t\t\t\t<\/div>","protected":false},"excerpt":{"rendered":"<p>Le site \u00ab www.lthconsulting-ci.com \u00bb (ci-apr\u00e8s le \u00ab site \u00bb) est la propri\u00e9t\u00e9 et a \u00e9t\u00e9 \u00e9dit\u00e9 par la soci\u00e9t\u00e9 LTH Consulting (ci-apr\u00e8s \u00abLTH Consulting\u00bb), Soci\u00e9t\u00e9 \u00e0 Responsabilit\u00e9 Limit\u00e9e (SARL) au capital de 1 000.000 frs CFA, immatricul\u00e9e au Registre du Commerce et des Soci\u00e9t\u00e9s d\u2019Abidjan \u2013 C\u00f4te d\u2019Ivoire sous le RCCM n\u00b0CI-GRDBSM-2021-B-2483, dont le [&hellip;]<\/p>","protected":false},"author":1,"featured_media":0,"parent":0,"menu_order":0,"comment_status":"closed","ping_status":"closed","template":"elementor_header_footer","meta":{"footnotes":""},"class_list":["post-247","page","type-page","status-publish","hentry"],"_links":{"self":[{"href":"https:\/\/lthconsulting-ci.com\/en\/wp-json\/wp\/v2\/pages\/247","targetHints":{"allow":["GET"]}}],"collection":[{"href":"https:\/\/lthconsulting-ci.com\/en\/wp-json\/wp\/v2\/pages"}],"about":[{"href":"https:\/\/lthconsulting-ci.com\/en\/wp-json\/wp\/v2\/types\/page"}],"author":[{"embeddable":true,"href":"https:\/\/lthconsulting-ci.com\/en\/wp-json\/wp\/v2\/users\/1"}],"replies":[{"embeddable":true,"href":"https:\/\/lthconsulting-ci.com\/en\/wp-json\/wp\/v2\/comments?post=247"}],"version-history":[{"count":22,"href":"https:\/\/lthconsulting-ci.com\/en\/wp-json\/wp\/v2\/pages\/247\/revisions"}],"predecessor-version":[{"id":660,"href":"https:\/\/lthconsulting-ci.com\/en\/wp-json\/wp\/v2\/pages\/247\/revisions\/660"}],"wp:attachment":[{"href":"https:\/\/lthconsulting-ci.com\/en\/wp-json\/wp\/v2\/media?parent=247"}],"curies":[{"name":"wp","href":"https:\/\/api.w.org\/{rel}","templated":true}]}}